{"id":3411,"date":"2025-02-13T11:49:46","date_gmt":"2025-02-13T11:49:46","guid":{"rendered":"https:\/\/www.buildwellmallorca.com\/videos-vorher-und-nachher\/"},"modified":"2025-03-10T13:33:38","modified_gmt":"2025-03-10T13:33:38","slug":"videos-vorher-und-nachher","status":"publish","type":"page","link":"https:\/\/www.buildwellmallorca.com\/de\/videos-vorher-und-nachher\/","title":{"rendered":"VIDEOS VORHER UND NACHHER"},"content":{"rendered":"<p>[et_pb_section fb_built=&#8220;1&#8243; disabled_on=&#8220;off|off|off&#8220; admin_label=&#8220;Header Section&#8220; _builder_version=&#8220;4.23.1&#8243; use_background_color_gradient=&#8220;on&#8220; background_color_gradient_stops=&#8220;rgba(0,0,0,0.4) 0%|rgba(0,0,0,0.37) 100%&#8220; background_color_gradient_overlays_image=&#8220;on&#8220; background_color_gradient_start=&#8220;rgba(0,0,0,0.4)&#8220; background_color_gradient_end=&#8220;rgba(0,0,0,0.37)&#8220; background_image=&#8220;https:\/\/www.buildwellmallorca.com\/wp-content\/uploads\/2024\/06\/Disenos-Decoratips-6.png&#8220; custom_margin=&#8220;|||&#8220; custom_padding=&#8220;6vw|0px|6vw|0px|false|false&#8220; bottom_divider_color=&#8220;#e02b20&#8243; bottom_divider_height=&#8220;69px&#8220; animation_style=&#8220;slide&#8220; animation_direction=&#8220;top&#8220; animation_intensity_slide=&#8220;3%&#8220; animation_starting_opacity=&#8220;100%&#8220; global_colors_info=&#8220;{}&#8220;][et_pb_row disabled_on=&#8220;off|off|off&#8220; module_class=&#8220; et_pb_row_fullwidth&#8220; _builder_version=&#8220;4.16&#8243; width=&#8220;94%&#8220; width_tablet=&#8220;80%&#8220; width_phone=&#8220;&#8220; width_last_edited=&#8220;on|desktop&#8220; max_width=&#8220;94%&#8220; max_width_tablet=&#8220;80%&#8220; max_width_phone=&#8220;&#8220; max_width_last_edited=&#8220;on|desktop&#8220; custom_padding=&#8220;|||&#8220; make_fullwidth=&#8220;on&#8220; global_colors_info=&#8220;{}&#8220;][et_pb_column type=&#8220;4_4&#8243; _builder_version=&#8220;4.16&#8243; custom_padding=&#8220;|||&#8220; global_colors_info=&#8220;{}&#8220; custom_padding__hover=&#8220;|||&#8220;][et_pb_text disabled_on=&#8220;off|off|off&#8220; _builder_version=&#8220;4.16&#8243; text_font=&#8220;Montserrat||||||||&#8220; text_text_color=&#8220;#000000&#8243; text_font_size=&#8220;22px&#8220; text_line_height=&#8220;1.8em&#8220; header_font=&#8220;|600||on|||||&#8220; header_text_align=&#8220;center&#8220; header_text_color=&#8220;#ffffff&#8220; header_font_size=&#8220;40px&#8220; header_line_height=&#8220;1.5em&#8220; text_orientation=&#8220;center&#8220; background_layout=&#8220;dark&#8220; custom_margin=&#8220;|||&#8220; header_font_size_tablet=&#8220;30px&#8220; header_font_size_phone=&#8220;&#8220; header_font_size_last_edited=&#8220;on|phone&#8220; header_line_height_tablet=&#8220;1.1em&#8220; header_line_height_phone=&#8220;1.2em&#8220; header_line_height_last_edited=&#8220;off|desktop&#8220; global_colors_info=&#8220;{}&#8220;]<\/p>\n<h1>BEWERTUNGEN UNSERER KUNDEN<\/h1>\n<p>[\/et_pb_text][\/et_pb_column][\/et_pb_row][\/et_pb_section][et_pb_section fb_built=&#8220;1&#8243; _builder_version=&#8220;4.16&#8243; custom_padding=&#8220;21px|0px|0|0px|false|false&#8220; global_colors_info=&#8220;{}&#8220;][et_pb_row module_class=&#8220; et_pb_row_fullwidth&#8220; _builder_version=&#8220;4.16&#8243; width=&#8220;94%&#8220; width_tablet=&#8220;80%&#8220; width_phone=&#8220;&#8220; width_last_edited=&#8220;on|desktop&#8220; max_width=&#8220;94%&#8220; max_width_tablet=&#8220;80%&#8220; max_width_phone=&#8220;&#8220; max_width_last_edited=&#8220;on|desktop&#8220; custom_padding=&#8220;4px|0px|6px|0px|false|false&#8220; make_fullwidth=&#8220;on&#8220; global_colors_info=&#8220;{}&#8220;][et_pb_column type=&#8220;4_4&#8243; _builder_version=&#8220;4.16&#8243; custom_padding=&#8220;|||&#8220; global_colors_info=&#8220;{}&#8220; custom_padding__hover=&#8220;|||&#8220;][et_pb_text _builder_version=&#8220;4.16&#8243; header_font=&#8220;|800|||||||&#8220; header_text_color=&#8220;#e02b20&#8243; header_font_size=&#8220;35px&#8220; header_2_font=&#8220;|700|||||||&#8220; global_colors_info=&#8220;{}&#8220;]<\/p>\n<h2 style=\"text-align: center;\">BUILDWELL MALLORCA<\/h2>\n<h1 style=\"text-align: center;\">Videos unserer Arbeit, vorher und nachher<\/h1>\n<p>[\/et_pb_text][\/et_pb_column][\/et_pb_row][et_pb_row _builder_version=&#8220;4.27.4&#8243; _module_preset=&#8220;default&#8220; global_colors_info=&#8220;{}&#8220;][et_pb_column type=&#8220;4_4&#8243; _builder_version=&#8220;4.27.4&#8243; _module_preset=&#8220;default&#8220; global_colors_info=&#8220;{}&#8220;][et_pb_text _builder_version=&#8220;4.27.4&#8243; _module_preset=&#8220;default&#8220; global_colors_info=&#8220;{}&#8220;]<\/p>\n<p>Entdecken Sie atemberaubende Vorher-Nachher-Transformationen unserer Renovierungsprojekte auf Mallorca. Erkunden Sie unsere Arbeit und sehen Sie die Qualit\u00e4t und Liebe zum Detail, die wir in jeden Raum bringen. Lassen Sie sich von diesen Beispielen f\u00fcr Ihre n\u00e4chste Renovierung inspirieren!<\/p>\n<p>[\/et_pb_text][\/et_pb_column][\/et_pb_row][et_pb_row _builder_version=&#8220;4.27.4&#8243; _module_preset=&#8220;default&#8220; global_colors_info=&#8220;{}&#8220;][et_pb_column type=&#8220;4_4&#8243; _builder_version=&#8220;4.27.4&#8243; _module_preset=&#8220;default&#8220; global_colors_info=&#8220;{}&#8220;][et_pb_heading title=&#8220;WOHNUNGSRENOVIERUNG IN PALMA VORHER &#038; NACHHER&#8220; _builder_version=&#8220;4.27.4&#8243; _module_preset=&#8220;default&#8220; title_level=&#8220;h2&#8243; global_colors_info=&#8220;{}&#8220;][\/et_pb_heading][et_pb_video src=&#8220;https:\/\/www.youtube.com\/watch?v=WMVVN7nLRzs&#8220; _builder_version=&#8220;4.27.4&#8243; _module_preset=&#8220;default&#8220; global_colors_info=&#8220;{}&#8220; src__hover_enabled=&#8220;off|desktop&#8220;][\/et_pb_video][\/et_pb_column][\/et_pb_row][et_pb_row _builder_version=&#8220;4.27.4&#8243; _module_preset=&#8220;default&#8220; global_colors_info=&#8220;{}&#8220;][et_pb_column type=&#8220;4_4&#8243; _builder_version=&#8220;4.27.4&#8243; _module_preset=&#8220;default&#8220; global_colors_info=&#8220;{}&#8220;][et_pb_text _builder_version=&#8220;4.27.4&#8243; _module_preset=&#8220;default&#8220; global_colors_info=&#8220;{}&#8220;]<\/p>\n<p>Begleiten Sie uns auf einer Tour durch eine vollst\u00e4ndig renovierte Wohnung in Palma! Von neuen Elektro- und Sanit\u00e4rsystemen bis hin zu hochwertigen B\u00f6den, Isolierung und modernen Oberfl\u00e4chen \u2013 wir zeigen die Verwandlung. Kontaktieren Sie Buildwell Mallorca f\u00fcr professionelle Hausrenovierungen und ein kostenloses Angebot!<\/p>\n<p>[\/et_pb_text][et_pb_button button_url=&#8220;https:\/\/www.buildwellmallorca.com\/de\/mallorca-refurbishment-contacto\/&#8220; button_text=&#8220;KONTAKTIEREN SIE UNS&#8220; button_alignment=&#8220;center&#8220; _builder_version=&#8220;4.27.4&#8243; _module_preset=&#8220;default&#8220; custom_button=&#8220;on&#8220; button_text_size=&#8220;20px&#8220; button_text_color=&#8220;#E02B20&#8243; button_bg_color=&#8220;#FFFFFF&#8220; button_border_color=&#8220;#E02B20&#8243; button_border_radius=&#8220;5px&#8220; button_font=&#8220;|600|||||||&#8220; custom_padding=&#8220;5px||5px||false|false&#8220; global_colors_info=&#8220;{}&#8220;][\/et_pb_button][et_pb_heading title=&#8220;POOLRENOVIERUNG IN PORTALS NOUS MALLORCA VORHER &#038; NACHHER&#8220; _builder_version=&#8220;4.27.4&#8243; _module_preset=&#8220;default&#8220; title_level=&#8220;h2&#8243; global_colors_info=&#8220;{}&#8220;][\/et_pb_heading][et_pb_video src=&#8220;https:\/\/www.youtube.com\/watch?v=KUxBCq6z1-k&#8220; _builder_version=&#8220;4.27.4&#8243; _module_preset=&#8220;default&#8220; global_colors_info=&#8220;{}&#8220; src__hover_enabled=&#8220;off|desktop&#8220;][\/et_pb_video][et_pb_text _builder_version=&#8220;4.27.4&#8243; _module_preset=&#8220;default&#8220; global_colors_info=&#8220;{}&#8220;]<\/p>\n<p>Kontaktieren Sie Buildwell Mallorca f\u00fcr professionelle Hausrenovierungen und ein kostenloses Angebot!<\/p>\n<p>&nbsp;<\/p>\n<p>[\/et_pb_text][et_pb_button button_url=&#8220;https:\/\/www.buildwellmallorca.com\/de\/mallorca-refurbishment-contacto\/&#8220; button_text=&#8220;KONTAKTIEREN SIE UNS&#8220; button_alignment=&#8220;center&#8220; _builder_version=&#8220;4.27.4&#8243; _module_preset=&#8220;default&#8220; custom_button=&#8220;on&#8220; button_text_size=&#8220;20px&#8220; button_text_color=&#8220;#E02B20&#8243; button_bg_color=&#8220;#FFFFFF&#8220; button_border_color=&#8220;#E02B20&#8243; button_border_radius=&#8220;5px&#8220; button_font=&#8220;|600|||||||&#8220; custom_padding=&#8220;5px||5px||false|false&#8220; global_colors_info=&#8220;{}&#8220;][\/et_pb_button][et_pb_heading title=&#8220;POOLRENOVIERUNG IN SANTA MARGALIDA&#8220; _builder_version=&#8220;4.27.4&#8243; _module_preset=&#8220;default&#8220; title_level=&#8220;h2&#8243; global_colors_info=&#8220;{}&#8220;][\/et_pb_heading][et_pb_video src=&#8220;https:\/\/www.youtube.com\/watch?v=Riafqja9rLQ&#8220; _builder_version=&#8220;4.27.4&#8243; _module_preset=&#8220;default&#8220; global_colors_info=&#8220;{}&#8220; src__hover_enabled=&#8220;off|desktop&#8220;][\/et_pb_video][et_pb_text _builder_version=&#8220;4.27.4&#8243; _module_preset=&#8220;default&#8220; global_colors_info=&#8220;{}&#8220;]<\/p>\n<p>Kontaktieren Sie Buildwell Mallorca f\u00fcr professionelle Hausrenovierungen und ein kostenloses Angebot!<\/p>\n<p>&nbsp;<\/p>\n<p>[\/et_pb_text][et_pb_button button_url=&#8220;https:\/\/www.buildwellmallorca.com\/de\/mallorca-refurbishment-contacto\/&#8220; button_text=&#8220;KONTAKTIEREN SIE UNS&#8220; button_alignment=&#8220;center&#8220; _builder_version=&#8220;4.27.4&#8243; _module_preset=&#8220;default&#8220; custom_button=&#8220;on&#8220; button_text_size=&#8220;20px&#8220; button_text_color=&#8220;#E02B20&#8243; button_bg_color=&#8220;#FFFFFF&#8220; button_border_color=&#8220;#E02B20&#8243; button_border_radius=&#8220;5px&#8220; button_font=&#8220;|600|||||||&#8220; custom_padding=&#8220;5px||5px||false|false&#8220; global_colors_info=&#8220;{}&#8220;][\/et_pb_button][et_pb_heading title=&#8220;POOL- UND TERRASSENRENOVIERUNG IN POLLEN\u00c7A VORHER &#038; NACHHER&#8220; _builder_version=&#8220;4.27.4&#8243; _module_preset=&#8220;default&#8220; title_level=&#8220;h2&#8243; global_colors_info=&#8220;{}&#8220;][\/et_pb_heading][et_pb_video src=&#8220;https:\/\/www.youtube.com\/watch?v=KwRI2CAvRzw&#8220; _builder_version=&#8220;4.27.4&#8243; _module_preset=&#8220;default&#8220; global_colors_info=&#8220;{}&#8220; src__hover_enabled=&#8220;off|desktop&#8220;][\/et_pb_video][et_pb_text _builder_version=&#8220;4.27.4&#8243; _module_preset=&#8220;default&#8220; global_colors_info=&#8220;{}&#8220;]<\/p>\n<p>Kontaktieren Sie Buildwell Mallorca f\u00fcr professionelle Hausrenovierungen und ein kostenloses Angebot!<\/p>\n<p>&nbsp;<\/p>\n<p>[\/et_pb_text][et_pb_button button_url=&#8220;https:\/\/www.buildwellmallorca.com\/de\/mallorca-refurbishment-contacto\/&#8220; button_text=&#8220;KONTAKTIEREN SIE UNS&#8220; button_alignment=&#8220;center&#8220; _builder_version=&#8220;4.27.4&#8243; _module_preset=&#8220;default&#8220; custom_button=&#8220;on&#8220; button_text_size=&#8220;20px&#8220; button_text_color=&#8220;#E02B20&#8243; button_bg_color=&#8220;#FFFFFF&#8220; button_border_color=&#8220;#E02B20&#8243; button_border_radius=&#8220;5px&#8220; button_font=&#8220;|600|||||||&#8220; custom_padding=&#8220;5px||5px||false|false&#8220; global_colors_info=&#8220;{}&#8220;][\/et_pb_button][et_pb_heading title=&#8220;Komplette Hausrenovierung auf Mallorca&#8220; _builder_version=&#8220;4.27.4&#8243; _module_preset=&#8220;default&#8220; title_level=&#8220;h2&#8243; hover_enabled=&#8220;0&#8243; global_colors_info=&#8220;{}&#8220; sticky_enabled=&#8220;0&#8243; locked=&#8220;off&#8220;][\/et_pb_heading][et_pb_video src=&#8220;https:\/\/www.youtube.com\/watch?v=7Tol-tUji9A&#8220; _builder_version=&#8220;4.27.4&#8243; _module_preset=&#8220;default&#8220; hover_enabled=&#8220;0&#8243; global_colors_info=&#8220;{}&#8220; src__hover_enabled=&#8220;off|desktop&#8220; sticky_enabled=&#8220;0&#8243; locked=&#8220;off&#8220;][\/et_pb_video][et_pb_text _builder_version=&#8220;4.27.4&#8243; _module_preset=&#8220;default&#8220; hover_enabled=&#8220;0&#8243; global_colors_info=&#8220;{}&#8220; sticky_enabled=&#8220;0&#8243;]<\/p>\n<p>Kontaktieren Sie Buildwell Mallorca f\u00fcr professionelle Hausrenovierungen und ein kostenloses Angebot!<\/p>\n<p>[\/et_pb_text][et_pb_button button_url=&#8220;https:\/\/www.buildwellmallorca.com\/de\/mallorca-refurbishment-contacto\/&#8220; button_text=&#8220;KONTAKTIEREN SIE UNS&#8220; button_alignment=&#8220;center&#8220; _builder_version=&#8220;4.27.4&#8243; _module_preset=&#8220;default&#8220; custom_button=&#8220;on&#8220; button_text_size=&#8220;20px&#8220; button_text_color=&#8220;#E02B20&#8243; button_bg_color=&#8220;#FFFFFF&#8220; button_border_color=&#8220;#E02B20&#8243; button_border_radius=&#8220;5px&#8220; button_font=&#8220;|600|||||||&#8220; custom_padding=&#8220;5px||5px||false|false&#8220; global_colors_info=&#8220;{}&#8220;][\/et_pb_button][\/et_pb_column][\/et_pb_row][\/et_pb_section][et_pb_section fb_built=&#8220;1&#8243; _builder_version=&#8220;4.16&#8243; custom_padding=&#8220;8px|0px|0|0px|false|false&#8220; global_colors_info=&#8220;{}&#8220;][et_pb_row module_class=&#8220; et_pb_row_fullwidth&#8220; _builder_version=&#8220;4.16&#8243; width=&#8220;94%&#8220; width_tablet=&#8220;80%&#8220; width_phone=&#8220;&#8220; width_last_edited=&#8220;on|desktop&#8220; max_width=&#8220;94%&#8220; max_width_tablet=&#8220;80%&#8220; max_width_phone=&#8220;&#8220; max_width_last_edited=&#8220;on|desktop&#8220; custom_padding=&#8220;12px|0px|17px|0px|false|false&#8220; make_fullwidth=&#8220;on&#8220; global_colors_info=&#8220;{}&#8220;][et_pb_column type=&#8220;4_4&#8243; _builder_version=&#8220;4.16&#8243; custom_padding=&#8220;|||&#8220; global_colors_info=&#8220;{}&#8220; custom_padding__hover=&#8220;|||&#8220;][et_pb_text _builder_version=&#8220;4.23.1&#8243; header_font=&#8220;|800|||||||&#8220; header_text_color=&#8220;#e02b20&#8243; header_2_font=&#8220;|700|||||||&#8220; header_font_size_tablet=&#8220;&#8220; header_font_size_phone=&#8220;&#8220; header_font_size_last_edited=&#8220;on|phone&#8220; border_width_bottom=&#8220;1px&#8220; border_color_bottom=&#8220;#e02b20&#8243; global_colors_info=&#8220;{}&#8220;]<\/p>\n<h1 style=\"text-align: center;\">BEN\u00d6TIGEN SIE HILFE BEI IHRER RENOVIERUNG?<\/h1>\n<p>[\/et_pb_text][et_pb_portfolio fullwidth=&#8220;off&#8220; show_categories=&#8220;off&#8220; show_pagination=&#8220;off&#8220; _builder_version=&#8220;4.27.4&#8243; title_font=&#8220;|600|||||||&#8220; text_orientation=&#8220;center&#8220; global_colors_info=&#8220;{}&#8220;]<br \/>\n[\/et_pb_portfolio][\/et_pb_column][\/et_pb_row][\/et_pb_section][et_pb_section fb_built=&#8220;1&#8243; disabled_on=&#8220;off|off|off&#8220; admin_label=&#8220;Stats&#8220; _builder_version=&#8220;4.16&#8243; use_background_color_gradient=&#8220;on&#8220; background_color_gradient_stops=&#8220;rgba(224,43,32,0.7) 0%|rgba(224,43,32,0.9) 100%&#8220; background_color_gradient_overlays_image=&#8220;on&#8220; background_color_gradient_start=&#8220;rgba(224,43,32,0.7)&#8220; background_color_gradient_end=&#8220;rgba(224,43,32,0.9)&#8220; background_image=&#8220;https:\/\/www.buildwellmallorca.com\/wp-content\/uploads\/2018\/11\/building-plan-354233_1920.jpg&#8220; custom_margin=&#8220;|||&#8220; custom_padding=&#8220;77px|0px|64px|0px|false|false&#8220; bottom_divider_style=&#8220;mountains2&#8243; bottom_divider_color=&#8220;rgba(5,41,66,0.3)&#8220; bottom_divider_height=&#8220;9vw&#8220; global_colors_info=&#8220;{}&#8220;][et_pb_row _builder_version=&#8220;4.16&#8243; global_colors_info=&#8220;{}&#8220;][et_pb_column type=&#8220;4_4&#8243; _builder_version=&#8220;4.16&#8243; custom_padding=&#8220;|||&#8220; global_colors_info=&#8220;{}&#8220; custom_padding__hover=&#8220;|||&#8220;][et_pb_text _builder_version=&#8220;4.16&#8243; text_font=&#8220;||||||||&#8220; background_layout=&#8220;dark&#8220; global_colors_info=&#8220;{}&#8220;]<\/p>\n<h3 style=\"text-align: center;\"><em><strong>BuildWell Mallorca: <\/strong><\/em><\/h3>\n<h3 style=\"text-align: center;\">Ihr vertrauensw\u00fcrdiger Baupartner<\/h3>\n<h3 style=\"text-align: center;\"><strong>Rufen Sie uns noch heute an, um Ihre Vision Wirklichkeit werden zu lassen!<\/strong><\/h3>\n<p>[\/et_pb_text][\/et_pb_column][\/et_pb_row][et_pb_row admin_label=&#8220;CTA-Reihe&#8220; _builder_version=&#8220;4.23.1&#8243; custom_padding=&#8220;25.25px|0px|0|0px|false|false&#8220; global_colors_info=&#8220;{}&#8220;][et_pb_column type=&#8220;4_4&#8243; _builder_version=&#8220;4.16&#8243; custom_padding=&#8220;|||&#8220; global_colors_info=&#8220;{}&#8220; custom_padding__hover=&#8220;|||&#8220;][et_pb_blurb title=&#8220; Rufen Sie uns an!&#8220; url=&#8220;tel:+3460064782&#8243; use_icon=&#8220;on&#8220; font_icon=&#8220;&#xe090;||divi||400&#8243; image_icon_background_color=&#8220;#ffffff&#8220; image_icon_width=&#8220;37px&#8220; admin_label=&#8220;boton llamar&#8220; _builder_version=&#8220;4.16&#8243; header_level=&#8220;h3&#8243; header_font=&#8220;Montserrat||||||||&#8220; header_text_color=&#8220;#ffffff&#8220; header_font_size=&#8220;20px&#8220; header_line_height=&#8220;1.5em&#8220; body_font=&#8220;Montserrat|500|||||||&#8220; body_text_align=&#8220;center&#8220; body_text_color=&#8220;#ffffff&#8220; body_font_size=&#8220;30px&#8220; image_icon_custom_padding=&#8220;25px|25px|25px|25px|false|false&#8220; text_orientation=&#8220;center&#8220; background_layout=&#8220;dark&#8220; animation=&#8220;off&#8220; link_option_url=&#8220;tel:+3460064782&#8243; border_radii_image=&#8220;on|100%|100%|100%|100%&#8220; icon_font_size=&#8220;37px&#8220; use_circle=&#8220;on&#8220; circle_color=&#8220;#ffffff&#8220; global_colors_info=&#8220;{}&#8220; image_icon_background_color__sticky_enabled=&#8220;#e02b20&#8243; image_icon_background_color__sticky=&#8220;#e02b20&#8243;]<\/p>\n<h2><a href=\"tel:+3460064782\">+34 600 647 824<\/a><\/h2>\n<p>[\/et_pb_blurb][\/et_pb_column][\/et_pb_row][et_pb_row admin_label=&#8220;CTA-Reihe&#8220; _builder_version=&#8220;4.16&#8243; custom_margin=&#8220;0px||0px&#8220; custom_padding=&#8220;0|0px|25.25px|0px|false|false&#8220; global_colors_info=&#8220;{}&#8220;][et_pb_column type=&#8220;4_4&#8243; _builder_version=&#8220;4.16&#8243; custom_padding=&#8220;|||&#8220; global_colors_info=&#8220;{}&#8220; custom_padding__hover=&#8220;|||&#8220;][et_pb_button button_url=&#8220;https:\/\/www.buildwellmallorca.com\/de\/mallorca-refurbishment-contacto\/&#8220; button_text=&#8220;ANGEBOT ANFORDERN&#8220; button_alignment=&#8220;center&#8220; _builder_version=&#8220;4.16&#8243; custom_button=&#8220;on&#8220; button_text_size=&#8220;14px&#8220; button_text_color=&#8220;#e02b20&#8243; button_bg_color=&#8220;#ffffff&#8220; button_border_width=&#8220;12px&#8220; button_border_color=&#8220;#ffffff&#8220; button_border_radius=&#8220;5px&#8220; button_letter_spacing=&#8220;0px&#8220; button_font=&#8220;Montserrat|700||on|||||&#8220; custom_margin=&#8220;5px|||&#8220; custom_padding=&#8220;|||&#8220; button_border_radius_hover=&#8220;4px&#8220; global_colors_info=&#8220;{}&#8220; button_text_size__hover_enabled=&#8220;off&#8220; button_one_text_size__hover_enabled=&#8220;off&#8220; button_two_text_size__hover_enabled=&#8220;off&#8220; button_text_color__hover_enabled=&#8220;off&#8220; button_one_text_color__hover_enabled=&#8220;off&#8220; button_two_text_color__hover_enabled=&#8220;off&#8220; button_border_width__hover_enabled=&#8220;off&#8220; button_one_border_width__hover_enabled=&#8220;off&#8220; button_two_border_width__hover_enabled=&#8220;off&#8220; button_border_color__hover_enabled=&#8220;off&#8220; button_one_border_color__hover_enabled=&#8220;off&#8220; button_two_border_color__hover_enabled=&#8220;off&#8220; button_border_radius__hover_enabled=&#8220;on&#8220; button_border_radius__hover=&#8220;4px&#8220; button_one_border_radius__hover_enabled=&#8220;off&#8220; button_two_border_radius__hover_enabled=&#8220;off&#8220; button_letter_spacing__hover_enabled=&#8220;off&#8220; button_one_letter_spacing__hover_enabled=&#8220;off&#8220; button_two_letter_spacing__hover_enabled=&#8220;off&#8220; button_bg_color__hover_enabled=&#8220;off&#8220; button_one_bg_color__hover_enabled=&#8220;off&#8220; button_two_bg_color__hover_enabled=&#8220;off&#8220;]<br \/>\n[\/et_pb_button][\/et_pb_column][\/et_pb_row][\/et_pb_section]<\/p>\n","protected":false},"excerpt":{"rendered":"<p>BEWERTUNGEN UNSERER KUNDENBUILDWELL MALLORCA Videos unserer Arbeit, vorher und nachherEntdecken Sie atemberaubende Vorher-Nachher-Transformationen unserer Renovierungsprojekte auf Mallorca. Erkunden Sie unsere Arbeit und sehen Sie die Qualit\u00e4t und Liebe zum Detail, die wir in jeden Raum bringen. Lassen Sie sich von diesen Beispielen f\u00fcr Ihre n\u00e4chste Renovierung inspirieren!Begleiten Sie uns auf einer Tour durch eine vollst\u00e4ndig [&hellip;]<\/p>\n","protected":false},"author":2,"featured_media":0,"parent":0,"menu_order":0,"comment_status":"closed","ping_status":"closed","template":"","meta":{"_et_pb_use_builder":"on","_et_pb_old_content":"","_et_gb_content_width":"","_joinchat":[],"footnotes":""},"class_list":["post-3411","page","type-page","status-publish","hentry"],"_links":{"self":[{"href":"https:\/\/www.buildwellmallorca.com\/de\/wp-json\/wp\/v2\/pages\/3411","targetHints":{"allow":["GET"]}}],"collection":[{"href":"https:\/\/www.buildwellmallorca.com\/de\/wp-json\/wp\/v2\/pages"}],"about":[{"href":"https:\/\/www.buildwellmallorca.com\/de\/wp-json\/wp\/v2\/types\/page"}],"author":[{"embeddable":true,"href":"https:\/\/www.buildwellmallorca.com\/de\/wp-json\/wp\/v2\/users\/2"}],"replies":[{"embeddable":true,"href":"https:\/\/www.buildwellmallorca.com\/de\/wp-json\/wp\/v2\/comments?post=3411"}],"version-history":[{"count":0,"href":"https:\/\/www.buildwellmallorca.com\/de\/wp-json\/wp\/v2\/pages\/3411\/revisions"}],"wp:attachment":[{"href":"https:\/\/www.buildwellmallorca.com\/de\/wp-json\/wp\/v2\/media?parent=3411"}],"curies":[{"name":"wp","href":"https:\/\/api.w.org\/{rel}","templated":true}]}}